{"id":92,"date":"2021-11-09T21:46:08","date_gmt":"2021-11-09T21:46:08","guid":{"rendered":"https:\/\/grupointelsa.com\/?page_id=92"},"modified":"2021-12-14T03:20:41","modified_gmt":"2021-12-14T03:20:41","slug":"contacto","status":"publish","type":"page","link":"https:\/\/grupointelsa.com\/?page_id=92","title":{"rendered":"Contacto"},"content":{"rendered":"<p>[et_pb_section fb_built=\u00bb1&#8243; specialty=\u00bbon\u00bb _builder_version=\u00bb4.13.0&#8243; _module_preset=\u00bbdefault\u00bb background_color=\u00bbgcid-f8ddcb63-bb3e-4993-a2a0-e5d99dc4b0dc\u00bb global_colors_info=\u00bb{%22gcid-f8ddcb63-bb3e-4993-a2a0-e5d99dc4b0dc%22:%91%22background_color%22%93}\u00bb][et_pb_column type=\u00bb1_2&#8243; specialty_columns=\u00bb2&#8243; _builder_version=\u00bb3.25&#8243; custom_padding=\u00bb|||\u00bb global_colors_info=\u00bb{}\u00bb custom_padding__hover=\u00bb|||\u00bb][et_pb_row_inner _builder_version=\u00bb4.13.0&#8243; _module_preset=\u00bbdefault\u00bb global_colors_info=\u00bb{}\u00bb][et_pb_column_inner saved_specialty_column_type=\u00bb1_2&#8243; _builder_version=\u00bb4.13.0&#8243; _module_preset=\u00bbdefault\u00bb global_colors_info=\u00bb{}\u00bb][dnxte_multi_heading text_one=\u00bbTransforma\u00bb text_one_reveal_effect=\u00bbon\u00bb text_one_reveal_color_before=\u00bbgcid-f8ddcb63-bb3e-4993-a2a0-e5d99dc4b0dc\u00bb _builder_version=\u00bb4.13.0&#8243; _module_preset=\u00bbdefault\u00bb text_one_font=\u00bbIBM Plex Sans Condensed|700||on|||||\u00bb text_one_text_color=\u00bb#FFFFFF\u00bb text_one_font_size=\u00bb7vh\u00bb custom_margin=\u00bb9vh||0px||false|false\u00bb global_colors_info=\u00bb{%22gcid-f8ddcb63-bb3e-4993-a2a0-e5d99dc4b0dc%22:%91%22text_one_reveal_color_before%22%93}\u00bb][\/dnxte_multi_heading][dnxte_multi_heading text_one=\u00bbtu industria\u00bb text_one_reveal_effect=\u00bbon\u00bb _builder_version=\u00bb4.13.0&#8243; _module_preset=\u00bbdefault\u00bb text_one_font=\u00bbIBM Plex Sans Condensed|700||on|||||\u00bb text_one_text_color=\u00bb#FFFFFF\u00bb text_one_font_size=\u00bb7vh\u00bb custom_margin=\u00bb-3vh||0px||false|false\u00bb global_colors_info=\u00bb{}\u00bb][\/dnxte_multi_heading][dnxte_multi_heading text_one=\u00bb\u00bfEst\u00e1 interesado en nuestros servicios? Env\u00edenos su informaci\u00f3n de contacto y la de su empresa para comunicarnos con usted.\u00bb text_one_reveal_effect=\u00bbon\u00bb text_one_reveal_color_before=\u00bb#000000&#8243; _builder_version=\u00bb4.13.0&#8243; _module_preset=\u00bbdefault\u00bb text_one_font=\u00bbSaira|300|||||||\u00bb text_one_text_color=\u00bb#000000&#8243; text_one_font_size=\u00bb21px\u00bb text_one_line_height=\u00bb0.1em\u00bb custom_margin=\u00bb-3vh||0px||false|false\u00bb hover_enabled=\u00bb0&#8243; global_colors_info=\u00bb{}\u00bb sticky_enabled=\u00bb0&#8243;][\/dnxte_multi_heading][\/et_pb_column_inner][\/et_pb_row_inner][et_pb_row_inner column_structure=\u00bb1_2,1_2&#8243; use_custom_gutter=\u00bbon\u00bb gutter_width=\u00bb1&#8243; _builder_version=\u00bb4.13.0&#8243; _module_preset=\u00bbdefault\u00bb width=\u00bb100%\u00bb global_colors_info=\u00bb{}\u00bb][et_pb_column_inner type=\u00bb1_2&#8243; saved_specialty_column_type=\u00bb1_2&#8243; _builder_version=\u00bb4.13.0&#8243; _module_preset=\u00bbdefault\u00bb global_colors_info=\u00bb{}\u00bb][dnxte_button button_text=\u00bb+505 2225 0234&#8243; dnxt_button_alignment=\u00bbleft\u00bb btn_show_hide=\u00bboff\u00bb _builder_version=\u00bb4.13.0&#8243; _module_preset=\u00bbdefault\u00bb btn_fonts_font=\u00bbSaira||||||||\u00bb btn_fonts_text_color=\u00bb#000000&#8243; btn_fonts_font_size=\u00bb22px\u00bb custom_margin=\u00bb0px|||-3vh|false|false\u00bb border_radii_btn_border=\u00bbon|0px|0px|0px|0px\u00bb border_width_all_btn_border=\u00bb0px\u00bb global_colors_info=\u00bb{}\u00bb btn_fonts_letter_spacing__hover_enabled=\u00bbon|desktop\u00bb btn_fonts_text_color__hover_enabled=\u00bbon|hover\u00bb btn_fonts_text_color__hover=\u00bb#FFFFFF\u00bb][\/dnxte_button][\/et_pb_column_inner][et_pb_column_inner type=\u00bb1_2&#8243; saved_specialty_column_type=\u00bb1_2&#8243; _builder_version=\u00bb4.13.0&#8243; _module_preset=\u00bbdefault\u00bb global_colors_info=\u00bb{}\u00bb][dnxte_button button_text=\u00bb+505 5784 0340&#8243; button_link=\u00bbtel:+50557840340&#8243; dnxt_button_alignment=\u00bbleft\u00bb btn_show_hide=\u00bboff\u00bb _builder_version=\u00bb4.13.0&#8243; _module_preset=\u00bbdefault\u00bb btn_fonts_font=\u00bbSaira||||||||\u00bb btn_fonts_text_color=\u00bb#000000&#8243; btn_fonts_font_size=\u00bb22px\u00bb custom_margin=\u00bb|||-9vh|false|false\u00bb border_radii_btn_border=\u00bbon|0px|0px|0px|0px\u00bb border_width_all_btn_border=\u00bb0px\u00bb border_width_left_btn_border=\u00bb2px\u00bb global_colors_info=\u00bb{}\u00bb btn_fonts_letter_spacing__hover_enabled=\u00bbon|desktop\u00bb btn_fonts_text_color__hover_enabled=\u00bbon|hover\u00bb btn_fonts_text_color__hover=\u00bb#FFFFFF\u00bb][\/dnxte_button][\/et_pb_column_inner][\/et_pb_row_inner][et_pb_row_inner column_structure=\u00bb1_2,1_2&#8243; _builder_version=\u00bb4.13.0&#8243; _module_preset=\u00bbdefault\u00bb width=\u00bb16vh\u00bb width_tablet=\u00bb16vh\u00bb width_phone=\u00bb18%\u00bb width_last_edited=\u00bbon|phone\u00bb global_colors_info=\u00bb{}\u00bb][et_pb_column_inner type=\u00bb1_2&#8243; saved_specialty_column_type=\u00bb1_2&#8243; _builder_version=\u00bb4.13.0&#8243; _module_preset=\u00bbdefault\u00bb global_colors_info=\u00bb{}\u00bb][et_pb_image src=\u00bbhttps:\/\/grupointelsa.com\/wp-content\/uploads\/2021\/11\/linkedin.svg\u00bb title_text=\u00bblinkedin\u00bb url=\u00bbhttps:\/\/www.linkedin.com\/company\/intelsa-nicaragua\/\u00bb _builder_version=\u00bb4.13.0&#8243; _module_preset=\u00bbdefault\u00bb global_colors_info=\u00bb{}\u00bb][\/et_pb_image][\/et_pb_column_inner][et_pb_column_inner type=\u00bb1_2&#8243; saved_specialty_column_type=\u00bb1_2&#8243; _builder_version=\u00bb4.13.0&#8243; _module_preset=\u00bbdefault\u00bb global_colors_info=\u00bb{}\u00bb][et_pb_image src=\u00bbhttps:\/\/grupointelsa.com\/wp-content\/uploads\/2021\/11\/what.svg\u00bb title_text=\u00bbwhat\u00bb url=\u00bbhttps:\/\/wa.link\/0c7d8z\u00bb _builder_version=\u00bb4.13.0&#8243; _module_preset=\u00bbdefault\u00bb global_colors_info=\u00bb{}\u00bb][\/et_pb_image][\/et_pb_column_inner][\/et_pb_row_inner][\/et_pb_column][et_pb_column type=\u00bb1_2&#8243; _builder_version=\u00bb3.25&#8243; custom_padding=\u00bb|||\u00bb global_colors_info=\u00bb{}\u00bb custom_padding__hover=\u00bb|||\u00bb][et_pb_code _builder_version=\u00bb4.13.0&#8243; _module_preset=\u00bbdefault\u00bb hover_enabled=\u00bb0&#8243; global_colors_info=\u00bb{}\u00bb sticky_enabled=\u00bb0&#8243;]\n<div class=\"wpcf7 no-js\" id=\"wpcf7-f226-o1\" lang=\"es-ES\" dir=\"ltr\" data-wpcf7-id=\"226\">\n<div class=\"screen-reader-response\"><p role=\"status\" aria-live=\"polite\" aria-atomic=\"true\"><\/p> <ul><\/ul><\/div>\n<form action=\"\/index.php?rest_route=%2Fwp%2Fv2%2Fpages%2F92#wpcf7-f226-o1\" method=\"post\" class=\"wpcf7-form init\" aria-label=\"Formulario de contacto\" novalidate=\"novalidate\" data-status=\"init\">\n<fieldset class=\"hidden-fields-container\"><input type=\"hidden\" name=\"_wpcf7\" value=\"226\" \/><input type=\"hidden\" name=\"_wpcf7_version\" value=\"6.1.4\" \/><input type=\"hidden\" name=\"_wpcf7_locale\" value=\"es_ES\" \/><input type=\"hidden\" name=\"_wpcf7_unit_tag\" value=\"wpcf7-f226-o1\" \/><input type=\"hidden\" name=\"_wpcf7_container_post\" value=\"0\" \/><input type=\"hidden\" name=\"_wpcf7_posted_data_hash\" value=\"\" \/>\n<\/fieldset>\n<p><span class=\"wpcf7-form-control-wrap\" data-name=\"Nombre\"><input size=\"40\" maxlength=\"400\" class=\"wpcf7-form-control wpcf7-text input-contac1\" aria-invalid=\"false\" placeholder=\"Nombre\" value=\"\" type=\"text\" name=\"Nombre\" \/><\/span><br \/>\n<span class=\"wpcf7-form-control-wrap\" data-name=\"Cargo\"><input size=\"40\" maxlength=\"400\" class=\"wpcf7-form-control wpcf7-text input-contac2\" aria-invalid=\"false\" placeholder=\"Cargo\" value=\"\" type=\"text\" name=\"Cargo\" \/><\/span><br \/>\n<span class=\"wpcf7-form-control-wrap\" data-name=\"Empresa\"><input size=\"40\" maxlength=\"400\" class=\"wpcf7-form-control wpcf7-text input-contac3\" aria-invalid=\"false\" placeholder=\"Empresa\" value=\"\" type=\"text\" name=\"Empresa\" \/><\/span><br \/>\n<span class=\"wpcf7-form-control-wrap\" data-name=\"Email\"><input size=\"40\" maxlength=\"400\" class=\"wpcf7-form-control wpcf7-email wpcf7-text wpcf7-validates-as-email input-contac4\" aria-invalid=\"false\" placeholder=\"Correo Electronico\" value=\"\" type=\"email\" name=\"Email\" \/><\/span><br \/>\n<span class=\"wpcf7-form-control-wrap\" data-name=\"tel\"><input size=\"40\" maxlength=\"400\" class=\"wpcf7-form-control wpcf7-text input-contac5\" aria-invalid=\"false\" placeholder=\"Telefono Movil\" value=\"\" type=\"text\" name=\"tel\" \/><\/span>\n<\/p>\n<p><input class=\"wpcf7-form-control wpcf7-submit has-spinner submit-contact\" id=\"btn-enviar\" type=\"submit\" value=\"Enviar\" \/>\n<\/p><div class=\"wpcf7-response-output\" aria-hidden=\"true\"><\/div>\n<\/form>\n<\/div>\n[\/et_pb_code][\/et_pb_column][\/et_pb_section]<\/p>\n","protected":false},"excerpt":{"rendered":"<p><div class=\"et_pb_module dnxte_multi_heading dnxte_multi_heading_0\">\n\t\t\t\t\n\t\t\t\t\n\t\t\t\t\n\t\t\t\t\n\t\t\t\t\n\t\t\t\t\n\t\t\t\t<div class=\"et_pb_module_inner\">\n\t\t\t\t\t<div class=\"wrapper\"><h1 class='header-level '><span class=\"dnxt-text-one reveal-effect masker wow\"><span class=\"dnxt-gradient-text-color-1\">Transforma<\/span><\/span><\/h1><\/div>\n\t\t\t\t<\/div>\n\t\t\t<\/div><div class=\"et_pb_module dnxte_multi_heading dnxte_multi_heading_1\">\n\t\t\t\t\n\t\t\t\t\n\t\t\t\t\n\t\t\t\t\n\t\t\t\t\n\t\t\t\t\n\t\t\t\t<div class=\"et_pb_module_inner\">\n\t\t\t\t\t<div class=\"wrapper\"><h1 class='header-level '><span class=\"dnxt-text-one reveal-effect masker wow\"><span class=\"dnxt-gradient-text-color-1\">tu industria<\/span><\/span><\/h1><\/div>\n\t\t\t\t<\/div>\n\t\t\t<\/div><div class=\"et_pb_module dnxte_multi_heading dnxte_multi_heading_2\">\n\t\t\t\t\n\t\t\t\t\n\t\t\t\t\n\t\t\t\t\n\t\t\t\t\n\t\t\t\t\n\t\t\t\t<div class=\"et_pb_module_inner\">\n\t\t\t\t\t<div class=\"wrapper\"><h1 class='header-level '><span class=\"dnxt-text-one \"><span class=\"dnxt-gradient-text-color-1\">\u00bb\u00bfEst\u00e1<\/span><\/span><\/h1><\/div>\n\t\t\t\t<\/div>\n\t\t\t<\/div><\/p>\n","protected":false},"author":1,"featured_media":0,"parent":0,"menu_order":0,"comment_status":"closed","ping_status":"closed","template":"","meta":{"_et_pb_use_builder":"on","_et_pb_old_content":"","_et_gb_content_width":"","footnotes":""},"class_list":["post-92","page","type-page","status-publish","hentry"],"_links":{"self":[{"href":"https:\/\/grupointelsa.com\/index.php?rest_route=\/wp\/v2\/pages\/92","targetHints":{"allow":["GET"]}}],"collection":[{"href":"https:\/\/grupointelsa.com\/index.php?rest_route=\/wp\/v2\/pages"}],"about":[{"href":"https:\/\/grupointelsa.com\/index.php?rest_route=\/wp\/v2\/types\/page"}],"author":[{"embeddable":true,"href":"https:\/\/grupointelsa.com\/index.php?rest_route=\/wp\/v2\/users\/1"}],"replies":[{"embeddable":true,"href":"https:\/\/grupointelsa.com\/index.php?rest_route=%2Fwp%2Fv2%2Fcomments&post=92"}],"version-history":[{"count":10,"href":"https:\/\/grupointelsa.com\/index.php?rest_route=\/wp\/v2\/pages\/92\/revisions"}],"predecessor-version":[{"id":374,"href":"https:\/\/grupointelsa.com\/index.php?rest_route=\/wp\/v2\/pages\/92\/revisions\/374"}],"wp:attachment":[{"href":"https:\/\/grupointelsa.com\/index.php?rest_route=%2Fwp%2Fv2%2Fmedia&parent=92"}],"curies":[{"name":"wp","href":"https:\/\/api.w.org\/{rel}","templated":true}]}}